{"id":3968,"date":"2021-10-22T14:01:32","date_gmt":"2021-10-22T12:01:32","guid":{"rendered":"http:\/\/fvyllzk.cluster028.hosting.ovh.net\/?page_id=3968"},"modified":"2025-06-18T10:25:27","modified_gmt":"2025-06-18T08:25:27","slug":"contact","status":"publish","type":"page","link":"https:\/\/www.aci.fr\/index.php\/contact\/","title":{"rendered":"Contact"},"content":{"rendered":"\t\t<div data-elementor-type=\"wp-page\" data-elementor-id=\"3968\" class=\"elementor elementor-3968\" data-elementor-settings=\"[]\">\n\t\t\t\t\t\t\t<div class=\"elementor-section-wrap\">\n\t\t\t\t\t\t\t<section class=\"elementor-section elementor-top-section elementor-element elementor-element-097e7c0 elementor-section-boxed elementor-section-height-default elementor-section-height-default\" data-id=\"097e7c0\" data-element_type=\"section\" data-settings=\"{&quot;background_background&quot;:&quot;gradient&quot;}\">\n\t\t\t\t\t\t<div class=\"elementor-container elementor-column-gap-default\">\n\t\t\t\t\t<div class=\"elementor-column elementor-col-100 elementor-top-column elementor-element elementor-element-dedd660\" data-id=\"dedd660\" data-element_type=\"column\">\n\t\t\t<div class=\"elementor-widget-wrap elementor-element-populated\">\n\t\t\t\t\t\t\t\t<div class=\"elementor-element elementor-element-3cff01b elementor-widget elementor-widget-heading\" data-id=\"3cff01b\" data-element_type=\"widget\" data-widget_type=\"heading.default\">\n\t\t\t\t<div class=\"elementor-widget-container\">\n\t\t\t<h2 class=\"elementor-heading-title elementor-size-default\"><span style=\"font-weight:200;color:#B40C38\">\/&nbsp;<\/span>Contact<\/h2>\t\t<\/div>\n\t\t\t\t<\/div>\n\t\t\t\t<div class=\"elementor-element elementor-element-d4c82eb elementor-widget elementor-widget-heading\" data-id=\"d4c82eb\" data-element_type=\"widget\" data-widget_type=\"heading.default\">\n\t\t\t\t<div class=\"elementor-widget-container\">\n\t\t\t<h2 class=\"elementor-heading-title elementor-size-default\">Demande d'informations ?  <br>\nBesoin d'un devis ?<\/h2>\t\t<\/div>\n\t\t\t\t<\/div>\n\t\t\t\t<section class=\"elementor-section elementor-inner-section elementor-element elementor-element-81fc616 elementor-reverse-mobile elementor-section-boxed elementor-section-height-default elementor-section-height-default\" data-id=\"81fc616\" data-element_type=\"section\">\n\t\t\t\t\t\t<div class=\"elementor-container elementor-column-gap-default\">\n\t\t\t\t\t<div class=\"elementor-column elementor-col-50 elementor-inner-column elementor-element elementor-element-886d228\" data-id=\"886d228\" data-element_type=\"column\">\n\t\t\t<div class=\"elementor-widget-wrap elementor-element-populated\">\n\t\t\t\t\t\t\t\t<div class=\"elementor-element elementor-element-cf26528 elementor-button-align-center elementor-widget elementor-widget-form\" data-id=\"cf26528\" data-element_type=\"widget\" data-settings=\"{&quot;step_next_label&quot;:&quot;Suivant&quot;,&quot;step_previous_label&quot;:&quot;Pr\\u00e9c\\u00e9dent&quot;,&quot;button_width&quot;:&quot;100&quot;,&quot;step_type&quot;:&quot;number_text&quot;,&quot;step_icon_shape&quot;:&quot;circle&quot;}\" data-widget_type=\"form.default\">\n\t\t\t\t<div class=\"elementor-widget-container\">\n\t\t\t\t\t<form class=\"elementor-form\" method=\"post\" name=\"CONTACT\">\n\t\t\t<input type=\"hidden\" name=\"post_id\" value=\"3968\"\/>\n\t\t\t<input type=\"hidden\" name=\"form_id\" value=\"cf26528\"\/>\n\t\t\t<input type=\"hidden\" name=\"referer_title\" value=\"\" \/>\n\n\t\t\t\n\t\t\t<div class=\"elementor-form-fields-wrapper elementor-labels-\">\n\t\t\t\t\t\t\t\t<div class=\"elementor-field-type-radio elementor-field-group elementor-column elementor-field-group-field_93a1051 elementor-col-100 elementor-field-required\">\n\t\t\t\t\t<label for=\"form-field-field_93a1051\" class=\"elementor-field-label elementor-screen-only\">Civilit\u00e9<\/label><div class=\"elementor-field-subgroup  elementor-subgroup-inline\"><span class=\"elementor-field-option\"><input type=\"radio\" value=\"M.\" id=\"form-field-field_93a1051-0\" name=\"form_fields[field_93a1051]\" required=\"required\" aria-required=\"true\"> <label for=\"form-field-field_93a1051-0\">M.<\/label><\/span><span class=\"elementor-field-option\"><input type=\"radio\" value=\"Mme\" id=\"form-field-field_93a1051-1\" name=\"form_fields[field_93a1051]\" required=\"required\" aria-required=\"true\"> <label for=\"form-field-field_93a1051-1\">Mme<\/label><\/span><\/div>\t\t\t\t<\/div>\n\t\t\t\t\t\t\t\t<div class=\"elementor-field-type-text elementor-field-group elementor-column elementor-field-group-name elementor-col-50 elementor-field-required\">\n\t\t\t\t\t<label for=\"form-field-name\" class=\"elementor-field-label elementor-screen-only\">Nom<\/label><input size=\"1\" type=\"text\" name=\"form_fields[name]\" id=\"form-field-name\" class=\"elementor-field elementor-size-sm  elementor-field-textual\" placeholder=\"Nom\" required=\"required\" aria-required=\"true\">\t\t\t\t<\/div>\n\t\t\t\t\t\t\t\t<div class=\"elementor-field-type-text elementor-field-group elementor-column elementor-field-group-field_b5d6b19 elementor-col-50 elementor-field-required\">\n\t\t\t\t\t<label for=\"form-field-field_b5d6b19\" class=\"elementor-field-label elementor-screen-only\">Pr\u00e9nom<\/label><input size=\"1\" type=\"text\" name=\"form_fields[field_b5d6b19]\" id=\"form-field-field_b5d6b19\" class=\"elementor-field elementor-size-sm  elementor-field-textual\" placeholder=\"Pr\u00e9nom\" required=\"required\" aria-required=\"true\">\t\t\t\t<\/div>\n\t\t\t\t\t\t\t\t<div class=\"elementor-field-type-email elementor-field-group elementor-column elementor-field-group-email elementor-col-50 elementor-field-required\">\n\t\t\t\t\t<label for=\"form-field-email\" class=\"elementor-field-label elementor-screen-only\">Email<\/label><input size=\"1\" type=\"email\" name=\"form_fields[email]\" id=\"form-field-email\" class=\"elementor-field elementor-size-sm  elementor-field-textual\" placeholder=\"E-mail\" required=\"required\" aria-required=\"true\">\t\t\t\t<\/div>\n\t\t\t\t\t\t\t\t<div class=\"elementor-field-type-tel elementor-field-group elementor-column elementor-field-group-field_fce300f elementor-col-50\">\n\t\t\t\t\t<label for=\"form-field-field_fce300f\" class=\"elementor-field-label elementor-screen-only\">T\u00e9l.<\/label><input size=\"1\" type=\"tel\" name=\"form_fields[field_fce300f]\" id=\"form-field-field_fce300f\" class=\"elementor-field elementor-size-sm  elementor-field-textual\" placeholder=\"T\u00e9l\u00e9phone\" pattern=\"[0-9()#&amp;+*-=.]+\" title=\"Seuls les caract\u00e8res de num\u00e9ros de t\u00e9l\u00e9phone (#, -, *, etc.) sont accept\u00e9s.\">\t\t\t\t<\/div>\n\t\t\t\t\t\t\t\t<div class=\"elementor-field-type-text elementor-field-group elementor-column elementor-field-group-field_c12f206 elementor-col-50\">\n\t\t\t\t\t<label for=\"form-field-field_c12f206\" class=\"elementor-field-label elementor-screen-only\">Soci\u00e9t\u00e9<\/label><input size=\"1\" type=\"text\" name=\"form_fields[field_c12f206]\" id=\"form-field-field_c12f206\" class=\"elementor-field elementor-size-sm  elementor-field-textual\" placeholder=\"Soci\u00e9t\u00e9\">\t\t\t\t<\/div>\n\t\t\t\t\t\t\t\t<div class=\"elementor-field-type-text elementor-field-group elementor-column elementor-field-group-field_9aaaaba elementor-col-50 elementor-field-required\">\n\t\t\t\t\t<label for=\"form-field-field_9aaaaba\" class=\"elementor-field-label elementor-screen-only\">Siret<\/label><input size=\"1\" type=\"text\" name=\"form_fields[field_9aaaaba]\" id=\"form-field-field_9aaaaba\" class=\"elementor-field elementor-size-sm  elementor-field-textual\" placeholder=\"Siret\" required=\"required\" aria-required=\"true\">\t\t\t\t<\/div>\n\t\t\t\t\t\t\t\t<div class=\"elementor-field-type-text elementor-field-group elementor-column elementor-field-group-field_4c97825 elementor-col-33\">\n\t\t\t\t\t<label for=\"form-field-field_4c97825\" class=\"elementor-field-label elementor-screen-only\">Adresse<\/label><input size=\"1\" type=\"text\" name=\"form_fields[field_4c97825]\" id=\"form-field-field_4c97825\" class=\"elementor-field elementor-size-sm  elementor-field-textual\" placeholder=\"Adresse\">\t\t\t\t<\/div>\n\t\t\t\t\t\t\t\t<div class=\"elementor-field-type-text elementor-field-group elementor-column elementor-field-group-field_1f7bf45 elementor-col-33 elementor-field-required\">\n\t\t\t\t\t<label for=\"form-field-field_1f7bf45\" class=\"elementor-field-label elementor-screen-only\">Code Postal<\/label><input size=\"1\" type=\"text\" name=\"form_fields[field_1f7bf45]\" id=\"form-field-field_1f7bf45\" class=\"elementor-field elementor-size-sm  elementor-field-textual\" placeholder=\"Code Postal\" required=\"required\" aria-required=\"true\">\t\t\t\t<\/div>\n\t\t\t\t\t\t\t\t<div class=\"elementor-field-type-text elementor-field-group elementor-column elementor-field-group-field_2e4189e elementor-col-33\">\n\t\t\t\t\t<label for=\"form-field-field_2e4189e\" class=\"elementor-field-label elementor-screen-only\">Ville<\/label><input size=\"1\" type=\"text\" name=\"form_fields[field_2e4189e]\" id=\"form-field-field_2e4189e\" class=\"elementor-field elementor-size-sm  elementor-field-textual\" placeholder=\"Ville\">\t\t\t\t<\/div>\n\t\t\t\t\t\t\t\t<div class=\"elementor-field-type-textarea elementor-field-group elementor-column elementor-field-group-message elementor-col-100 elementor-field-required\">\n\t\t\t\t\t<label for=\"form-field-message\" class=\"elementor-field-label elementor-screen-only\">Message<\/label><textarea class=\"elementor-field-textual elementor-field  elementor-size-sm\" name=\"form_fields[message]\" id=\"form-field-message\" rows=\"4\" placeholder=\"Message\" required=\"required\" aria-required=\"true\"><\/textarea>\t\t\t\t<\/div>\n\t\t\t\t\t\t\t\t<div class=\"elementor-field-type-acceptance elementor-field-group elementor-column elementor-field-group-allow_news elementor-col-100\">\n\t\t\t\t\t<div class=\"elementor-field-subgroup\"><span class=\"elementor-field-option\"><input type=\"checkbox\" name=\"form_fields[allow_news]\" id=\"form-field-allow_news\" class=\"elementor-field elementor-size-sm  elementor-acceptance-field\"> <label for=\"form-field-allow_news\">Recevoir notre Newsletter, Vous pouvez vous d\u00e9sinscrire \u00e0 tout moment.<\/label><\/span><\/div>\t\t\t\t<\/div>\n\t\t\t\t\t\t\t\t<div class=\"elementor-field-group elementor-column elementor-field-type-submit elementor-col-100 e-form__buttons\">\n\t\t\t\t\t<button type=\"submit\" class=\"elementor-button elementor-size-sm\">\n\t\t\t\t\t\t<span >\n\t\t\t\t\t\t\t\t\t\t\t\t\t\t\t<span class=\"elementor-align-icon-right elementor-button-icon\">\n\t\t\t\t\t\t\t\t\t<i aria-hidden=\"true\" class=\"far fa-paper-plane\"><\/i>\t\t\t\t\t\t\t\t\t\t\t\t\t\t\t\t\t<\/span>\n\t\t\t\t\t\t\t\t\t\t\t\t\t\t\t\t\t\t\t\t\t\t<span class=\"elementor-button-text\">Envoyer<\/span>\n\t\t\t\t\t\t\t\t\t\t\t\t\t<\/span>\n\t\t\t\t\t<\/button>\n\t\t\t\t<\/div>\n\t\t\t<\/div>\n\t\t<label id=\"apbct_label_id_83258\" class=\"apbct_special_field\"><input\n                    class=\"apbct_special_field apbct__email_id__elementor_form\"\n                    name=\"apbct_email_id__elementor_form\"\n                    type=\"text\" size=\"30\" maxlength=\"200\" autocomplete=\"off\"\n                    value=\"\"\n                \/><\/label><\/form>\n\t\t\t\t<\/div>\n\t\t\t\t<\/div>\n\t\t\t\t\t<\/div>\n\t\t<\/div>\n\t\t\t\t<div class=\"elementor-column elementor-col-50 elementor-inner-column elementor-element elementor-element-3cfa886\" data-id=\"3cfa886\" data-element_type=\"column\">\n\t\t\t<div class=\"elementor-widget-wrap elementor-element-populated\">\n\t\t\t\t\t\t\t\t<div class=\"elementor-element elementor-element-307c0f2 elementor-widget elementor-widget-google_maps\" data-id=\"307c0f2\" data-element_type=\"widget\" data-widget_type=\"google_maps.default\">\n\t\t\t\t<div class=\"elementor-widget-container\">\n\t\t\t\t\t<div class=\"elementor-custom-embed\">\n\t\t\t<iframe frameborder=\"0\" scrolling=\"no\" marginheight=\"0\" marginwidth=\"0\" src=\"https:\/\/maps.google.com\/maps?q=13%20rue%20gustave%20eiffel%2027140%20gisors&amp;t=m&amp;z=7&amp;output=embed&amp;iwloc=near\" title=\"%3$s\" aria-label=\"%3$s\"><\/iframe>\n\t\t<\/div>\n\t\t\t\t<\/div>\n\t\t\t\t<\/div>\n\t\t\t\t<div class=\"elementor-element elementor-element-b6c66e2 elementor-icon-list--layout-inline elementor-align-center elementor-mobile-align-left elementor-list-item-link-full_width elementor-widget elementor-widget-icon-list\" data-id=\"b6c66e2\" data-element_type=\"widget\" data-widget_type=\"icon-list.default\">\n\t\t\t\t<div class=\"elementor-widget-container\">\n\t\t\t\t\t<ul class=\"elementor-icon-list-items elementor-inline-items\">\n\t\t\t\t\t\t\t<li class=\"elementor-icon-list-item elementor-inline-item\">\n\t\t\t\t\t\t\t\t\t\t\t<span class=\"elementor-icon-list-icon\">\n\t\t\t\t\t\t\t<i aria-hidden=\"true\" class=\"fas fa-map-marker-alt\"><\/i>\t\t\t\t\t\t<\/span>\n\t\t\t\t\t\t\t\t\t\t<span class=\"elementor-icon-list-text\">ZI - 13 Rue Gustave Eiffel B.P. 87  -  27140 GISORS<\/span>\n\t\t\t\t\t\t\t\t\t<\/li>\n\t\t\t\t\t\t\t\t<li class=\"elementor-icon-list-item elementor-inline-item\">\n\t\t\t\t\t\t\t\t\t\t\t<span class=\"elementor-icon-list-icon\">\n\t\t\t\t\t\t\t<i aria-hidden=\"true\" class=\"icon icon-phone1\"><\/i>\t\t\t\t\t\t<\/span>\n\t\t\t\t\t\t\t\t\t\t<span class=\"elementor-icon-list-text\">02 32 55 60 66<\/span>\n\t\t\t\t\t\t\t\t\t<\/li>\n\t\t\t\t\t\t<\/ul>\n\t\t\t\t<\/div>\n\t\t\t\t<\/div>\n\t\t\t\t<div class=\"elementor-element elementor-element-314920e elementor-icon-list--layout-inline elementor-align-center elementor-mobile-align-left elementor-list-item-link-full_width elementor-widget elementor-widget-icon-list\" data-id=\"314920e\" data-element_type=\"widget\" data-widget_type=\"icon-list.default\">\n\t\t\t\t<div class=\"elementor-widget-container\">\n\t\t\t\t\t<ul class=\"elementor-icon-list-items elementor-inline-items\">\n\t\t\t\t\t\t\t<li class=\"elementor-icon-list-item elementor-inline-item\">\n\t\t\t\t\t<a href=\"https:\/\/www.facebook.com\/acigroupe\/\">\t\t\t\t\t\t<span class=\"elementor-icon-list-icon\">\n\t\t\t\t\t\t\t<i aria-hidden=\"true\" class=\"fab fa-facebook-square\"><\/i>\t\t\t\t\t\t<\/span>\n\t\t\t\t\t\t\t\t\t\t<span class=\"elementor-icon-list-text\"><\/span>\n\t\t\t\t\t\t\t\t\t\t\t<\/a>\n\t\t\t\t\t\t\t\t\t<\/li>\n\t\t\t\t\t\t\t\t<li class=\"elementor-icon-list-item elementor-inline-item\">\n\t\t\t\t\t<a href=\"https:\/\/www.linkedin.com\/company\/aci-groupe\">\t\t\t\t\t\t<span class=\"elementor-icon-list-icon\">\n\t\t\t\t\t\t\t<i aria-hidden=\"true\" class=\"fab fa-linkedin\"><\/i>\t\t\t\t\t\t<\/span>\n\t\t\t\t\t\t\t\t\t\t<span class=\"elementor-icon-list-text\"><\/span>\n\t\t\t\t\t\t\t\t\t\t\t<\/a>\n\t\t\t\t\t\t\t\t\t<\/li>\n\t\t\t\t\t\t<\/ul>\n\t\t\t\t<\/div>\n\t\t\t\t<\/div>\n\t\t\t\t\t<\/div>\n\t\t<\/div>\n\t\t\t\t\t\t\t<\/div>\n\t\t<\/section>\n\t\t\t\t\t<\/div>\n\t\t<\/div>\n\t\t\t\t\t\t\t<\/div>\n\t\t<\/section>\n\t\t\t\t\t\t<\/div>\n\t\t\t\t\t<\/div>\n\t\t","protected":false},"excerpt":{"rendered":"<p>Demande d&rsquo;informations ? Besoin d&rsquo;un devis ? ZI &#8211; 13 Rue Gustave Eiffel B.P. 87 &#8211; 27140 GISORS 02 32 55 60 66<\/p>\n","protected":false},"author":1,"featured_media":0,"parent":0,"menu_order":0,"comment_status":"closed","ping_status":"closed","template":"elementor_header_footer","meta":[],"_links":{"self":[{"href":"https:\/\/www.aci.fr\/index.php\/wp-json\/wp\/v2\/pages\/3968"}],"collection":[{"href":"https:\/\/www.aci.fr\/index.php\/wp-json\/wp\/v2\/pages"}],"about":[{"href":"https:\/\/www.aci.fr\/index.php\/wp-json\/wp\/v2\/types\/page"}],"author":[{"embeddable":true,"href":"https:\/\/www.aci.fr\/index.php\/wp-json\/wp\/v2\/users\/1"}],"replies":[{"embeddable":true,"href":"https:\/\/www.aci.fr\/index.php\/wp-json\/wp\/v2\/comments?post=3968"}],"version-history":[{"count":308,"href":"https:\/\/www.aci.fr\/index.php\/wp-json\/wp\/v2\/pages\/3968\/revisions"}],"predecessor-version":[{"id":5916,"href":"https:\/\/www.aci.fr\/index.php\/wp-json\/wp\/v2\/pages\/3968\/revisions\/5916"}],"wp:attachment":[{"href":"https:\/\/www.aci.fr\/index.php\/wp-json\/wp\/v2\/media?parent=3968"}],"curies":[{"name":"wp","href":"https:\/\/api.w.org\/{rel}","templated":true}]}}